{"id":50,"date":"2024-12-30T11:00:17","date_gmt":"2024-12-30T11:00:17","guid":{"rendered":"https:\/\/savonsahkoisku.fi\/?page_id=50"},"modified":"2024-12-30T11:20:04","modified_gmt":"2024-12-30T11:20:04","slug":"yhteystiedot","status":"publish","type":"page","link":"https:\/\/savonsahkoisku.fi\/?page_id=50","title":{"rendered":"Yhteystiedot"},"content":{"rendered":"\n<div class=\"wp-block-columns is-layout-flex wp-container-core-columns-is-layout-9d6595d7 wp-block-columns-is-layout-flex\">\n<div class=\"wp-block-column is-layout-flow wp-block-column-is-layout-flow\">\n<div class=\"wp-block-media-text is-stacked-on-mobile\" style=\"grid-template-columns:29% auto\"><figure class=\"wp-block-media-text__media\"><img loading=\"lazy\" decoding=\"async\" width=\"113\" height=\"150\" src=\"https:\/\/savonsahkoisku.fi\/wp-content\/uploads\/2024\/12\/pasi.png\" alt=\"\" class=\"wp-image-47 size-full\"\/><\/figure><div class=\"wp-block-media-text__content\">\n<p><strong>Pasi Janhunen<\/strong><br><em>s\u00e4hk\u00f6t\u00f6iden johtaja<\/em><br>0400 510 680<br><a href=\"mailto:pasi.janhunen@savonsahkoisku.fi\">pasi.janhunen@savonsahkoisku.fi<\/a><\/p>\n<\/div><\/div>\n<\/div>\n\n\n\n<div class=\"wp-block-column is-layout-flow wp-block-column-is-layout-flow\">\n<div class=\"wp-block-media-text is-stacked-on-mobile\" style=\"grid-template-columns:27% auto\"><figure class=\"wp-block-media-text__media\"><img loading=\"lazy\" decoding=\"async\" width=\"113\" height=\"150\" src=\"https:\/\/savonsahkoisku.fi\/wp-content\/uploads\/2024\/12\/jani.png\" alt=\"\" class=\"wp-image-51 size-full\"\/><\/figure><div class=\"wp-block-media-text__content\">\n<p><strong>Jani Tiainen<\/strong><br><em>asentaja<\/em><br>045 649 5694<br><a href=\"mailto:jani.tiainen@savonsahkoisku.fi\">jani.tiainen@savonsahkoisku.fi<\/a><\/p>\n<\/div><\/div>\n<\/div>\n\n\n\n<div class=\"wp-block-column is-layout-flow wp-block-column-is-layout-flow\">\n<div class=\"wp-block-media-text is-stacked-on-mobile\" style=\"grid-template-columns:26% auto\"><figure class=\"wp-block-media-text__media\"><img loading=\"lazy\" decoding=\"async\" width=\"113\" height=\"150\" src=\"https:\/\/savonsahkoisku.fi\/wp-content\/uploads\/2024\/12\/eetu.png\" alt=\"\" class=\"wp-image-52 size-full\"\/><\/figure><div class=\"wp-block-media-text__content\">\n<p><strong>Eetu Heikkinen<\/strong><br><em>asentaja<\/em><br>045 649 9913<br><a href=\"mailto:eetu.heikkinen@savonsahkoisku.fi\">eetu.heikkinen@savonsahkoisku.fi<\/a><\/p>\n<\/div><\/div>\n<\/div>\n<\/div>\n\n\n\n<p><br>Ty\u00f6tilaukset osoitteeseen\u00a0<a href=\"mailto:tilaukset@savonsahkoisku.fi\">tilaukset@savonsahkoisku.fi<\/a><\/p>\n\n\n\n<p><strong>Laskutusosoitteet:<\/strong><\/p>\n\n\n\n<p>verkkolaskut:<br>operaattoritunnus: 003721291126<br>Verkkolaskutusosoite: 003726831494<br>V\u00e4litt\u00e4j\u00e4: Maventa<br>Y-tunnus: 2683149-4<\/p>\n\n\n\n<p>Emme ota vastaan paperi- ja s\u00e4hk\u00f6postilaskuja.<\/p>\n","protected":false},"excerpt":{"rendered":"<p>Pasi Janhunens\u00e4hk\u00f6t\u00f6iden johtaja0400 510 680pasi.janhunen@savonsahkoisku.fi Jani Tiainenasentaja045 649 5694jani.tiainen@savonsahkoisku.fi Eetu Heikkinenasentaja045 649 9913eetu.heikkinen@savonsahkoisku.fi Ty\u00f6tilaukset osoitteeseen\u00a0tilaukset@savonsahkoisku.fi Laskutusosoitteet: verkkolaskut:operaattoritunnus: 003721291126Verkkolaskutusosoite: 003726831494V\u00e4litt\u00e4j\u00e4: MaventaY-tunnus: 2683149-4 Emme ota vastaan paperi- ja s\u00e4hk\u00f6postilaskuja.<\/p>\n","protected":false},"author":1,"featured_media":0,"parent":0,"menu_order":0,"comment_status":"closed","ping_status":"closed","template":"","meta":{"footnotes":""},"class_list":["post-50","page","type-page","status-publish","hentry","entry"],"_links":{"self":[{"href":"https:\/\/savonsahkoisku.fi\/index.php?rest_route=\/wp\/v2\/pages\/50","targetHints":{"allow":["GET"]}}],"collection":[{"href":"https:\/\/savonsahkoisku.fi\/index.php?rest_route=\/wp\/v2\/pages"}],"about":[{"href":"https:\/\/savonsahkoisku.fi\/index.php?rest_route=\/wp\/v2\/types\/page"}],"author":[{"embeddable":true,"href":"https:\/\/savonsahkoisku.fi\/index.php?rest_route=\/wp\/v2\/users\/1"}],"replies":[{"embeddable":true,"href":"https:\/\/savonsahkoisku.fi\/index.php?rest_route=%2Fwp%2Fv2%2Fcomments&post=50"}],"version-history":[{"count":4,"href":"https:\/\/savonsahkoisku.fi\/index.php?rest_route=\/wp\/v2\/pages\/50\/revisions"}],"predecessor-version":[{"id":66,"href":"https:\/\/savonsahkoisku.fi\/index.php?rest_route=\/wp\/v2\/pages\/50\/revisions\/66"}],"wp:attachment":[{"href":"https:\/\/savonsahkoisku.fi\/index.php?rest_route=%2Fwp%2Fv2%2Fmedia&parent=50"}],"curies":[{"name":"wp","href":"https:\/\/api.w.org\/{rel}","templated":true}]}}