{"id":3,"date":"2024-12-10T10:14:41","date_gmt":"2024-12-10T10:14:41","guid":{"rendered":"https:\/\/savonsahkoisku.fi\/?page_id=3"},"modified":"2025-03-26T06:24:12","modified_gmt":"2025-03-26T06:24:12","slug":"tietosuojakaytanto","status":"publish","type":"page","link":"https:\/\/savonsahkoisku.fi\/?page_id=3","title":{"rendered":"Tietosuojak\u00e4yt\u00e4nt\u00f6"},"content":{"rendered":"\n<p><strong>Keit\u00e4 olemme ja miksi pid\u00e4mme as<\/strong>i<strong>akasrekisteri\u00e4<\/strong><br \/>Verkkosivustomme osoite on: https:\/\/savonsahkoisku.fi. Yhteystiedot: Savon S\u00e4hk\u00f6isku Oy,  Y-tunnus 2683149-4<\/p>\n\n\n\n<p>Savon S\u00e4hk\u00f6iskun asiakasrekisterist\u00e4 vastaa Pasi Janhunen, 0400 510 680, pasi.janhunen@savonsahkoisku.fi. Henkil\u00f6tietojen k\u00e4sittelyn tarkoitus on&nbsp;yhteydenpito asiakkaisiin, asiakassuhteen yll\u00e4pito, tilausten k\u00e4sittely ja markkinointi tms.<\/p>\n\n\n\n<p><strong>Kommentit<\/strong><br \/>Kun vierailijat j\u00e4tt\u00e4v\u00e4t kommentteja sivustolle, ker\u00e4\u00e4mme kommenttilomakkeessa esitetyt tiedot, sek\u00e4 vierailijan IP-osoitteen ja selaimen k\u00e4ytt\u00e4j\u00e4agenttijonon roskapostin tunnistamista varten.<\/p>\n\n\n\n<p><strong>Media<\/strong><br \/>Jos lataat kuvia verkkosivustolle, sinun tulisi v\u00e4ltt\u00e4\u00e4 sellaisten kuvien lataamista, jotka sis\u00e4lt\u00e4v\u00e4t upotettuja sijaintitietoja (EXIF GPS). Verkkosivuston vierailijat voivat ladata ja poimia kuvista mit\u00e4 tahansa sijaintitietoja.<\/p>\n\n\n\n<p><strong>Ev\u00e4steet<\/strong><br \/>Jos j\u00e4t\u00e4t kommentin sivustollemme, voit valita tallentavasi nimesi, s\u00e4hk\u00f6postiosoitteesi ja verkkosivustosi ev\u00e4steisiin. T\u00e4m\u00e4 on sinua varten, jotta sinun ei tarvitse t\u00e4ytt\u00e4\u00e4 tietojasi uudelleen, kun j\u00e4t\u00e4t uuden kommentin. N\u00e4m\u00e4 ev\u00e4steet kest\u00e4v\u00e4t yhden vuoden.<\/p>\n\n\n\n<p>Jos vierailet kirjautumissivullamme, asetamme tilap\u00e4isen ev\u00e4steen m\u00e4\u00e4ritt\u00e4\u00e4ksemme, hyv\u00e4ksyyk\u00f6 selaimesi ev\u00e4steet. T\u00e4m\u00e4 ev\u00e4ste ei sis\u00e4ll\u00e4 henkil\u00f6tietoja ja se poistetaan, kun suljet selaimen.<\/p>\n\n\n\n<p>Kun kirjaudut sis\u00e4\u00e4n, asetamme my\u00f6s useita ev\u00e4steit\u00e4 tallentaaksemme kirjautumistietosi ja n\u00e4ytt\u00f6valintasi. Kirjautumisev\u00e4steet kest\u00e4v\u00e4t kaksi p\u00e4iv\u00e4\u00e4 ja n\u00e4ytt\u00f6valintojen ev\u00e4steet kest\u00e4v\u00e4t yhden vuoden. Jos valitset \u201dMuista minut\u201d, kirjautumisesi s\u00e4ilyy kaksi viikkoa. Jos kirjaudut ulos tililt\u00e4si, kirjautumisev\u00e4steet poistetaan.<\/p>\n\n\n\n<p>Jos muokkaat tai julkaiset artikkelin, lis\u00e4ev\u00e4ste tallennetaan selaimeesi. T\u00e4m\u00e4 ev\u00e4ste ei sis\u00e4ll\u00e4 henkil\u00f6tietoja ja vain osoittaa muokkaamasi artikkelin postaus-ID:n. Ev\u00e4ste vanhenee yhden p\u00e4iv\u00e4n kuluttua.<\/p>\n\n\n\n<p><strong>Upotettu sis\u00e4lt\u00f6 muilta verkkosivustoilta<\/strong><br \/>T\u00e4m\u00e4n sivuston artikkelit voivat sis\u00e4lt\u00e4\u00e4 upotettua sis\u00e4lt\u00f6\u00e4 (esim. videoita, kuvia, artikkeleita jne.). Toisilta verkkosivustoilta per\u00e4isin olevan upotetun sis\u00e4ll\u00f6n katsominen on sama, kuin jos vierailisit kyseisell\u00e4 toisella verkkosivustolla.<\/p>\n\n\n\n<p>N\u00e4m\u00e4 verkkosivustot voivat ker\u00e4t\u00e4 tietoja sinusta, k\u00e4ytt\u00e4\u00e4 ev\u00e4steit\u00e4, upottaa kolmannen osapuolen seurantaa ja tarkkailla vuorovaikutustasi kyseisen upotetun sis\u00e4ll\u00f6n kanssa, mukaan lukien vuorovaikutuksesi sis\u00e4ll\u00f6n kanssa, jos sinulla on tili ja olet kirjautuneena kyseiselle verkkosivustolle.<\/p>\n\n\n\n<p><strong>Kenelle jaamme tietosi<\/strong><br \/>Jos pyyd\u00e4t salasanan palautusta, IP-osoitteesi sis\u00e4llytet\u00e4\u00e4n palautuss\u00e4hk\u00f6postiin. Emme jaa yhteystietojasi kenellekk\u00e4\u00e4n.<\/p>\n\n\n\n<p><strong>Kuinka kauan s\u00e4ilyt\u00e4mme tietojasi<\/strong><br \/>Jos j\u00e4t\u00e4t kommentin, kommentti ja sen metatiedot s\u00e4ilytet\u00e4\u00e4n toistaiseksi. T\u00e4m\u00e4 tapahtuu, jotta voimme automaattisesti tunnistaa ja hyv\u00e4ksy\u00e4 mahdolliset jatkokommentit sen sijaan, ett\u00e4 pit\u00e4isimme niit\u00e4 moderointijonossa.<\/p>\n\n\n\n<p>Jos rekister\u00f6idyt verkkosivustollemme, tallennamme my\u00f6s k\u00e4ytt\u00e4j\u00e4profiilisi antamat henkil\u00f6tiedot. Kaikki k\u00e4ytt\u00e4j\u00e4t voivat n\u00e4hd\u00e4, muokata tai poistaa henkil\u00f6kohtaisia tietojaan milloin tahansa (paitsi k\u00e4ytt\u00e4j\u00e4tunnusta ei voi muuttaa). Verkkosivuston yll\u00e4pit\u00e4j\u00e4t voivat my\u00f6s n\u00e4hd\u00e4 ja muokata n\u00e4it\u00e4 tietoja.<\/p>\n\n\n\n<p><strong>Mit\u00e4 oikeuksia sinulla on tietoihisi<\/strong><\/p>\n\n\n\n<p>Jos sinulla on tili t\u00e4ll\u00e4 sivustolla tai olet j\u00e4tt\u00e4nyt kommentteja, voit pyyt\u00e4\u00e4 saada viedyn tiedoston henkil\u00f6tiedoista, jotka meill\u00e4 on sinusta, mukaan lukien kaikki antamasi tiedot. Voit my\u00f6s pyyt\u00e4\u00e4, ett\u00e4 poistamme kaikki henkil\u00f6tiedot, joita meill\u00e4 on sinusta. T\u00e4m\u00e4 ei koske tietoja, joita meid\u00e4n on s\u00e4ilytett\u00e4v\u00e4 hallinnollisista, oikeudellisista tai turvallisuussyist\u00e4.<\/p>\n\n\n\n<p><strong>Minne l\u00e4het\u00e4mme tietosi<\/strong><br \/>Emme l\u00e4het\u00e4 tietojasi kenellekk\u00e4\u00e4n.<\/p>\n","protected":false},"excerpt":{"rendered":"<p>Keit\u00e4 olemme ja miksi pid\u00e4mme asiakasrekisteri\u00e4Verkkosivustomme osoite on: https:\/\/savonsahkoisku.fi. Yhteystiedot: Savon S\u00e4hk\u00f6isku Oy, Y-tunnus 2683149-4 Savon S\u00e4hk\u00f6iskun asiakasrekisterist\u00e4 vastaa Pasi Janhunen, 0400 510 680, pasi.janhunen@savonsahkoisku.fi. Henkil\u00f6tietojen k\u00e4sittelyn tarkoitus on&nbsp;yhteydenpito asiakkaisiin, asiakassuhteen yll\u00e4pito, tilausten k\u00e4sittely ja markkinointi tms. KommentitKun vierailijat j\u00e4tt\u00e4v\u00e4t kommentteja sivustolle, ker\u00e4\u00e4mme kommenttilomakkeessa esitetyt tiedot, sek\u00e4 vierailijan IP-osoitteen ja selaimen k\u00e4ytt\u00e4j\u00e4agenttijonon roskapostin tunnistamista varten. [&hellip;]<\/p>\n","protected":false},"author":1,"featured_media":0,"parent":0,"menu_order":0,"comment_status":"closed","ping_status":"open","template":"","meta":{"footnotes":""},"class_list":["post-3","page","type-page","status-publish","hentry","entry"],"_links":{"self":[{"href":"https:\/\/savonsahkoisku.fi\/index.php?rest_route=\/wp\/v2\/pages\/3","targetHints":{"allow":["GET"]}}],"collection":[{"href":"https:\/\/savonsahkoisku.fi\/index.php?rest_route=\/wp\/v2\/pages"}],"about":[{"href":"https:\/\/savonsahkoisku.fi\/index.php?rest_route=\/wp\/v2\/types\/page"}],"author":[{"embeddable":true,"href":"https:\/\/savonsahkoisku.fi\/index.php?rest_route=\/wp\/v2\/users\/1"}],"replies":[{"embeddable":true,"href":"https:\/\/savonsahkoisku.fi\/index.php?rest_route=%2Fwp%2Fv2%2Fcomments&post=3"}],"version-history":[{"count":2,"href":"https:\/\/savonsahkoisku.fi\/index.php?rest_route=\/wp\/v2\/pages\/3\/revisions"}],"predecessor-version":[{"id":134,"href":"https:\/\/savonsahkoisku.fi\/index.php?rest_route=\/wp\/v2\/pages\/3\/revisions\/134"}],"wp:attachment":[{"href":"https:\/\/savonsahkoisku.fi\/index.php?rest_route=%2Fwp%2Fv2%2Fmedia&parent=3"}],"curies":[{"name":"wp","href":"https:\/\/api.w.org\/{rel}","templated":true}]}}